{"id":17,"date":"2024-06-27T16:11:16","date_gmt":"2024-06-27T16:11:16","guid":{"rendered":"https:\/\/patirer.com\/?page_id=17"},"modified":"2024-06-27T16:11:16","modified_gmt":"2024-06-27T16:11:16","slug":"bir-giris-sayfasi-bolumu","status":"publish","type":"page","link":"https:\/\/patirer.com\/index.php\/bir-giris-sayfasi-bolumu\/","title":{"rendered":"Bir giri\u015f sayfas\u0131 b\u00f6l\u00fcm\u00fc"},"content":{"rendered":"\n<p>Bu \u00f6rnek bir giri\u015f sayfas\u0131 b\u00f6l\u00fcm\u00fcd\u00fcr. Giri\u015f sayfas\u0131 b\u00f6l\u00fcmleri giri\u015f sayfas\u0131n\u0131n d\u0131\u015f\u0131nda herhangi bir sayfa olabilir. Son blog yaz\u0131lar\u0131n\u0131z\u0131 g\u00f6r\u00fcnt\u00fcleyen sayfa ile birlikte.<\/p>\n","protected":false},"excerpt":{"rendered":"<p>Bu \u00f6rnek bir giri\u015f sayfas\u0131 b\u00f6l\u00fcm\u00fcd\u00fcr. Giri\u015f sayfas\u0131 b\u00f6l\u00fcmleri giri\u015f sayfas\u0131n\u0131n d\u0131\u015f\u0131nda herhangi bir sayfa [&hellip;]<\/p>\n","protected":false},"author":1,"featured_media":10,"parent":0,"menu_order":0,"comment_status":"closed","ping_status":"closed","template":"","meta":{"footnotes":""},"class_list":["post-17","page","type-page","status-publish","has-post-thumbnail","hentry"],"_links":{"self":[{"href":"https:\/\/patirer.com\/index.php\/wp-json\/wp\/v2\/pages\/17","targetHints":{"allow":["GET"]}}],"collection":[{"href":"https:\/\/patirer.com\/index.php\/wp-json\/wp\/v2\/pages"}],"about":[{"href":"https:\/\/patirer.com\/index.php\/wp-json\/wp\/v2\/types\/page"}],"author":[{"embeddable":true,"href":"https:\/\/patirer.com\/index.php\/wp-json\/wp\/v2\/users\/1"}],"replies":[{"embeddable":true,"href":"https:\/\/patirer.com\/index.php\/wp-json\/wp\/v2\/comments?post=17"}],"version-history":[{"count":0,"href":"https:\/\/patirer.com\/index.php\/wp-json\/wp\/v2\/pages\/17\/revisions"}],"wp:featuredmedia":[{"embeddable":true,"href":"https:\/\/patirer.com\/index.php\/wp-json\/wp\/v2\/pages\/10"}],"wp:attachment":[{"href":"https:\/\/patirer.com\/index.php\/wp-json\/wp\/v2\/media?parent=17"}],"curies":[{"name":"wp","href":"https:\/\/api.w.org\/{rel}","templated":true}]}}